{"id":5604,"date":"2021-09-14T10:33:33","date_gmt":"2021-09-14T08:33:33","guid":{"rendered":"https:\/\/quivid.de\/impressum\/"},"modified":"2023-05-31T10:47:23","modified_gmt":"2023-05-31T08:47:23","slug":"impressum","status":"publish","type":"page","link":"https:\/\/quivid.de\/en\/impressum\/","title":{"rendered":"Impressum"},"content":{"rendered":"\r\n<h2 class=\"wp-block-heading\">Impressum<\/h2>\r\n\r\n\r\n\r\n<div class=\"wp-block-columns is-layout-flex wp-container-core-columns-is-layout-28f84493 wp-block-columns-is-layout-flex\">\r\n<div class=\"wp-block-column is-layout-flow wp-block-column-is-layout-flow\" style=\"flex-basis: 66.66%;\">\r\n<p>Landeshauptstadt M\u00fcnchen<br \/>Baureferat<br \/>Friedenstra\u00dfe 40<br \/>81660 M\u00fcnchen<\/p>\r\n\r\n\r\n\r\n<p>&nbsp;<\/p>\r\n\r\n\r\n\r\n<p>Verantwortlich: <br \/>Florian Hochst\u00e4tter, Hauptabteilungsleiter Gartenbau<br \/><br \/>K\u00f6rperschaft des \u00f6ffentlichen Rechts<br \/><br \/>Umsatzsteuer-Identifikationsnummer: <br \/>DE129 524 000<\/p>\r\n\r\n\r\n\r\n<p>Zust\u00e4ndige Aufsichtsbeh\u00f6rde: <br \/>Regierung von Oberbayern<\/p>\r\n\r\n\r\n\r\n<p>Kontakt:\u00a0<br \/><a href=\"mailto:quivid.bau@muenchen.de\">quivid.bau@muenchen.de<\/a><\/p>\r\n\r\n\r\n\r\n<p>Konzept &amp; Gestaltung: <br \/><a href=\"https:\/\/parat.cc\" target=\"_blank\" rel=\"noreferrer noopener\">PARAT.cc<\/a><\/p>\r\n\r\n\r\n\r\n<p>Technische Umsetzung: <br \/><a href=\"http:\/\/von-heintschel.de\/\" target=\"_blank\" rel=\"noreferrer noopener\">von heintschel web development <\/a><\/p>\r\n\r\n\r\n\r\n<h3 class=\"wp-block-heading\">\u00a0<\/h3>\r\n\r\n\r\n\r\n<h3 class=\"wp-block-heading has-large-font-size\"><strong>Haftung f\u00fcr Links<\/strong><\/h3>\r\n\r\n\r\n\r\n<p>Unser Angebot enth\u00e4lt Links zu externen Webseiten Dritter, auf deren Inhalte wir keinen Einfluss haben. Deshalb k\u00f6nnen wir f\u00fcr diese fremden Inhalte auch keine Gew\u00e4hr \u00fcbernehmen. F\u00fcr die Inhalte der verlinkten Seiten ist stets der jeweilige Anbieter oder Betreiber der Seiten verantwortlich. Die verlinkten Seiten wurden zum Zeitpunkt der Verlinkung auf m\u00f6gliche Rechtsverst\u00f6\u00dfe \u00fcberpr\u00fcft. Eine permanente inhaltliche Kontrolle der verlinkten Seiten ist jedoch ohne konkrete Anhaltspunkte einer Rechtsverletzung nicht zumutbar. Bei bekannt werden von Rechtsverletzungen werden wir derartige Links umgehend entfernen.<\/p>\r\n\r\n\r\n<hr class=\"wp-block-separator has-alpha-channel-opacity\" \/>\r\n\r\n\r\n<h3 class=\"wp-block-heading has-large-font-size\"><strong>Urheberrecht<\/strong><\/h3>\r\n\r\n\r\n\r\n<p>Die Betreiber der Seiten sind bem\u00fcht, stets die Urheberrechte anderer zu beachten bzw. auf selbst erstellte sowie lizenzfreie Werke zur\u00fcckzugreifen.<\/p>\r\n\r\n\r\n\r\n<p>Die durch die Seitenbetreiber erstellten Inhalte und Werke auf diesen Seiten unterliegen dem deutschen Urheberrecht. Beitr\u00e4ge Dritter sind als solche gekennzeichnet. Die Vervielf\u00e4ltigung, Bearbeitung, Verbreitung und jede Art der Verwertung au\u00dferhalb der Grenzen des Urheberrechtes bed\u00fcrfen der schriftlichen Zustimmung des jeweiligen Autors bzw. Erstellers. Downloads und Kopien dieser Seite sind nur f\u00fcr den privaten, nicht kommerziellen Gebrauch gestattet.<\/p>\r\n\r\n\r\n\r\n<p>Alle Fotos \u00a9 Baureferat QUIVID<\/p>\r\n\r\n\r\n\r\n<h3 class=\"wp-block-heading has-large-font-size\"><strong>WCAG 2.1\/Stufe AA<\/strong><\/h3>\r\n\r\n\r\n\r\n<p>Da gerade am Aufbau dieser Webseite gearbeitet wird, entspricht diese Seite derzeit noch nicht dem aktuellen Standard (September 2020) der WCAG (Web Content Accessibility Guidelines\/Richtlinien f\u00fcr barrierefreie Webinhalte) zur barrierefreien Gestaltung von Internetangeboten.<\/p>\r\n\r\n\r\n\r\n<p>&nbsp;<\/p>\r\n\r\n\r\n\r\n<p>&nbsp;<\/p>\r\n\r\n\r\n\r\n<p>&nbsp;<\/p>\r\n<\/div>\r\n\r\n\r\n\r\n<div class=\"wp-block-column is-layout-flow wp-block-column-is-layout-flow\" style=\"flex-basis: 33.33%;\">\u00a0<\/div>\r\n<\/div>\r\n","protected":false},"excerpt":{"rendered":"<p>Impressum Landeshauptstadt M\u00fcnchenBaureferatFriedenstra\u00dfe 4081660 M\u00fcnchen &nbsp; Verantwortlich: Florian Hochst\u00e4tter, Hauptabteilungsleiter Gartenbau K\u00f6rperschaft des \u00f6ffentlichen Rechts Umsatzsteuer-Identifikationsnummer: DE129 524 000 Zust\u00e4ndige Aufsichtsbeh\u00f6rde: Regierung von Oberbayern Kontakt:\u00a0quivid.bau@muenchen.de Konzept &amp; Gestaltung: PARAT.cc Technische Umsetzung: von heintschel web development \u00a0 Haftung f\u00fcr Links Unser Angebot enth\u00e4lt Links zu externen Webseiten Dritter, auf deren Inhalte wir keinen Einfluss haben. Deshalb [&hellip;]<\/p>\n","protected":false},"author":1,"featured_media":0,"parent":0,"menu_order":18,"comment_status":"closed","ping_status":"closed","template":"","meta":{"_acf_changed":false,"inline_featured_image":false,"footnotes":""},"class_list":["post-5604","page","type-page","status-publish","hentry"],"acf":{"page_content_types":[{"acf_fc_layout":"content_txt","content_width":"12","txt_two_cols":false,"txt":"<h2>Impressum<\/h2>\n<hr \/>\n<p>&nbsp;<\/p>\n"},{"acf_fc_layout":"content_txt","content_width":"8","txt_two_cols":false,"txt":"<p>Landeshauptstadt M\u00fcnchen<br \/>\nBaureferat<br \/>\nFriedenstra\u00dfe 40<br \/>\n81660 M\u00fcnchen<\/p>\n<p>Verantwortlich:<br \/>\nFlorian Hochst\u00e4tter, Hauptabteilungsleiter Gartenbau<\/p>\n<p>K\u00f6rperschaft des \u00f6ffentlichen Rechts<\/p>\n<p>Umsatzsteuer-Identifikationsnummer:<br \/>\nDE129 524 000<\/p>\n<p>Zust\u00e4ndige Aufsichtsbeh\u00f6rde:<br \/>\nRegierung von Oberbayern<\/p>\n<p>Kontakt:<br \/>\n<a href=\"mailto:quivid.bau@muenchen.de\">quivid.bau@muenchen.de<\/a><\/p>\n<p>Konzept &amp; Gestaltung:<br \/>\n<a href=\"https:\/\/parat.cc\">PARAT.cc<\/a><\/p>\n<p>Technische Umsetzung:<br \/>\n<a href=\"https:\/\/www.vonheintschel.dev\/\">von heintschel web development<\/a><\/p>\n<h3>Haftung f\u00fcr Links<\/h3>\n<p>Unser Angebot enth\u00e4lt Links zu externen Webseiten Dritter, auf deren Inhalte wir keinen Einfluss haben. Deshalb k\u00f6nnen wir f\u00fcr diese fremden Inhalte auch keine Gew\u00e4hr \u00fcbernehmen. F\u00fcr die Inhalte der verlinkten Seiten ist stets der jeweilige Anbieter oder Betreiber der Seiten verantwortlich. Die verlinkten Seiten wurden zum Zeitpunkt der Verlinkung auf m\u00f6gliche Rechtsverst\u00f6\u00dfe \u00fcberpr\u00fcft. Eine permanente inhaltliche Kontrolle der verlinkten Seiten ist jedoch ohne konkrete Anhaltspunkte einer Rechtsverletzung nicht zumutbar. Bei bekannt werden von Rechtsverletzungen werden wir derartige Links umgehend entfernen.<\/p>\n<h3>Urheberrecht<\/h3>\n<p>Die Betreiber der Seiten sind bem\u00fcht, stets die Urheberrechte anderer zu beachten bzw. auf selbst erstellte sowie lizenzfreie Werke zur\u00fcckzugreifen.<\/p>\n<p>Die durch die Seitenbetreiber erstellten Inhalte und Werke auf diesen Seiten unterliegen dem deutschen Urheberrecht. Beitr\u00e4ge Dritter sind als solche gekennzeichnet. Die Vervielf\u00e4ltigung, Bearbeitung, Verbreitung und jede Art der Verwertung au\u00dferhalb der Grenzen des Urheberrechtes bed\u00fcrfen der schriftlichen Zustimmung des jeweiligen Autors bzw. Erstellers. Downloads und Kopien dieser Seite sind nur f\u00fcr den privaten, nicht kommerziellen Gebrauch gestattet.<\/p>\n<p>Alle Fotos \u00a9 Baureferat QUIVID<\/p>\n<h3>WCAG 2.1\/Stufe AA<\/h3>\n<p>Da gerade am Aufbau dieser Webseite gearbeitet wird, entspricht diese Seite derzeit noch nicht dem aktuellen Standard (September 2020) der WCAG (Web Content Accessibility Guidelines\/Richtlinien f\u00fcr barrierefreie Webinhalte) zur barrierefreien Gestaltung von Internetangeboten.<\/p>\n"}],"page_title":""},"_links":{"self":[{"href":"https:\/\/quivid.de\/en\/wp-json\/wp\/v2\/pages\/5604","targetHints":{"allow":["GET"]}}],"collection":[{"href":"https:\/\/quivid.de\/en\/wp-json\/wp\/v2\/pages"}],"about":[{"href":"https:\/\/quivid.de\/en\/wp-json\/wp\/v2\/types\/page"}],"author":[{"embeddable":true,"href":"https:\/\/quivid.de\/en\/wp-json\/wp\/v2\/users\/1"}],"replies":[{"embeddable":true,"href":"https:\/\/quivid.de\/en\/wp-json\/wp\/v2\/comments?post=5604"}],"version-history":[{"count":25,"href":"https:\/\/quivid.de\/en\/wp-json\/wp\/v2\/pages\/5604\/revisions"}],"predecessor-version":[{"id":6080,"href":"https:\/\/quivid.de\/en\/wp-json\/wp\/v2\/pages\/5604\/revisions\/6080"}],"wp:attachment":[{"href":"https:\/\/quivid.de\/en\/wp-json\/wp\/v2\/media?parent=5604"}],"curies":[{"name":"wp","href":"https:\/\/api.w.org\/{rel}","templated":true}]}}